
{"id":195,"date":"2025-11-27T11:26:42","date_gmt":"2025-11-27T11:26:42","guid":{"rendered":"https:\/\/emporiant.com\/at\/?page_id=195"},"modified":"2026-02-09T09:18:09","modified_gmt":"2026-02-09T09:18:09","slug":"about","status":"publish","type":"page","link":"https:\/\/emporiant.com\/at\/about","title":{"rendered":"About"},"content":{"rendered":"\n<div style=\"height:100px\" aria-hidden=\"true\" class=\"wp-block-spacer\"><\/div>\n\n\n\n<div class=\"wp-block-group has-global-padding is-layout-constrained wp-container-core-group-is-layout-704e782a wp-block-group-is-layout-constrained\"><link rel=\"stylesheet\" href=\"https:\/\/fonts.googleapis.com\/css2?family=Inter:wght@400;500;600;700;800\" \/>\n<div class=\"wp-block-group has-text-color has-background has-link-color wp-elements-6f77278b4db9c867c4d45356698662e1 has-global-padding is-layout-constrained wp-container-core-group-is-layout-8b7f0191 wp-block-group-is-layout-constrained\" style=\"color:#4c4c4c;background-color:#fffffe;margin-top:0;margin-bottom:0;padding-top:80px;padding-right:26px;padding-bottom:80px;padding-left:26px;font-size:16px;line-height:1.7; font-family: 'Inter' !important;\" style=\"color:#4c4c4c;background-color:#fffffe;margin-top:0;margin-bottom:0;padding-top:80px;padding-right:26px;padding-bottom:80px;padding-left:26px;font-size:16px;line-height:1.7\">\n<div style=\"height:40px\" aria-hidden=\"true\" class=\"wp-block-spacer\"><\/div>\n\n\n\n<figure class=\"wp-block-image aligncenter size-full is-resized has-custom-border\"><img decoding=\"async\" src=\"https:\/\/emporiant.com\/wp-content\/uploads\/2026\/01\/antonymw.jpg\" alt=\"\" class=\"wp-image-2376\" style=\"border-radius:100%;width:177px;height:auto\"\/><\/figure>\n\n\n<link rel=\"stylesheet\" href=\"https:\/\/fonts.googleapis.com\/css2?family=Playfair+Display:wght@400;500;600;700;800\" \/>\n<h2 class=\"wp-block-heading has-text-align-center has-text-color has-link-color has-open-sans-font-family wp-elements-a4ece768156c6541526a1d6e19708d2c\" style=\"color:#1e1905;margin-top:16px;margin-bottom:6px;font-size:22px;font-style:normal;font-weight:500; font-family: 'Playfair Display' !important;\" style=\"color:#1e1905;margin-top:16px;margin-bottom:6px;font-size:22px;font-style:normal;font-weight:500\">Anto Markunovic<\/h2>\n\n\n\n<p class=\"has-text-align-center has-text-color has-link-color wp-elements-89242f6347b5d502f6ca87a8778c7cef\" style=\"color:#808080;font-style:normal;font-weight:500\"><em>Gr\u00fcnder<\/em><\/p>\n\n\n\n<div class=\"wp-block-group has-global-padding is-layout-constrained wp-container-core-group-is-layout-f6aacca4 wp-block-group-is-layout-constrained\" style=\"margin-top:30px\">\n<p>Liebe Partner und Vision\u00e4re,<\/p>\n\n\n\n<p>als ich Emporiant gegr\u00fcndet habe, geschah dies aus einer einfachen, aber k\u00fchnen \u00dcberzeugung heraus: dass sich die Art und Weise, wie wir Handel, Verbindung und Kreativit\u00e4t erleben, weiterentwickeln kann \u2013 und muss. In einer Welt, die auf beispiellose technologische und gesellschaftliche Ver\u00e4nderungen zusteuert, ist Emporiant nicht nur ein Unternehmen \u2013 es ist ein Tor zur Zukunft menschlicher Interaktion, Entdeckung und Wertsch\u00f6pfung.<\/p>\n\n\n\n<p>Unsere Mission ist es, neu zu definieren, was es bedeutet, sich mit Ideen, Produkten und Gemeinschaften auseinanderzusetzen. Wir bauen ein \u00d6kosystem auf, in dem Innovation nahtlos in den Alltag integriert wird, in dem jede Interaktion Chancen er\u00f6ffnet und in dem das Unm\u00f6gliche zum n\u00e4chsten nat\u00fcrlichen Schritt wird. Emporiant ist darauf ausgelegt, die Bed\u00fcrfnisse von morgen zu antizipieren, nicht nur auf die Anforderungen von heute zu reagieren.<\/p>\n\n\n\n<p>Ich habe Emporiant gegr\u00fcndet, weil ich eine L\u00fccke zwischen Potenzial und Realit\u00e4t erkannt habe \u2013 eine Welt, in der menschlicher Erfindungsreichtum oft schneller voranschreitet als die Werkzeuge, die uns zur Verf\u00fcgung stehen, um ihn zu nutzen. Unsere Vision ist klar: Kreative, Unternehmen und Gemeinschaften zu bef\u00e4higen, in einer neuen \u00c4ra vernetzter, intelligenter und anpassungsf\u00e4higer Erfahrungen zu florieren.<\/p>\n\n\n\n<p>Diese Reise hat gerade erst begonnen. Gemeinsam mit Partnern, die unsere Weitsicht und unseren Mut teilen, werden wir eine Zukunft gestalten, in der Innovation grenzenlos ist, M\u00f6glichkeiten unbegrenzt sind und das Au\u00dfergew\u00f6hnliche zur Selbstverst\u00e4ndlichkeit wird.<\/p>\n\n\n\n<p>Willkommen bei Emporiant \u2013 die Zukunft, erdacht und verwirklicht.<\/p>\n\n\n\n<p>Mit Optimismus und Entschlossenheit,<\/p>\n\n\n\n<p>Anto Markunovic<\/p>\n\n\n\n<p>Gr\u00fcnder &amp; Inhaber, Emporiant<\/p>\n\n\n\n<div class=\"wp-block-group has-global-padding is-content-justification-right is-layout-constrained wp-container-core-group-is-layout-f1f2ed93 wp-block-group-is-layout-constrained\">\n<figure class=\"wp-block-image size-medium\" style=\"margin-top:26px\"><img decoding=\"async\" src=\"https:\/\/emporiant.com\/wp-content\/uploads\/2026\/01\/IMG_2246-300x155.png\" alt=\"\" class=\"wp-image-2379\"\/><\/figure>\n<\/div>\n<\/div>\n<\/div>\n<\/div>\n","protected":false},"excerpt":{"rendered":"<p>Anto Markunovic Gr\u00fcnder Liebe Partner und Vision\u00e4re, als ich Emporiant gegr\u00fcndet habe, geschah dies aus einer einfachen, aber k\u00fchnen \u00dcberzeugung heraus: dass sich die Art und Weise, wie wir Handel, Verbindung und Kreativit\u00e4t erleben, weiterentwickeln kann \u2013 und muss. In einer Welt, die auf beispiellose technologische und gesellschaftliche Ver\u00e4nderungen zusteuert, ist Emporiant nicht nur ein [&hellip;]<\/p>\n","protected":false},"author":1,"featured_media":0,"parent":0,"menu_order":0,"comment_status":"closed","ping_status":"closed","template":"","meta":{"jetpack_post_was_ever_published":false,"footnotes":""},"class_list":["post-195","page","type-page","status-publish","hentry"],"aioseo_notices":[],"jetpack_sharing_enabled":true,"_links":{"self":[{"href":"https:\/\/emporiant.com\/at\/wp-json\/wp\/v2\/pages\/195","targetHints":{"allow":["GET"]}}],"collection":[{"href":"https:\/\/emporiant.com\/at\/wp-json\/wp\/v2\/pages"}],"about":[{"href":"https:\/\/emporiant.com\/at\/wp-json\/wp\/v2\/types\/page"}],"author":[{"embeddable":true,"href":"https:\/\/emporiant.com\/at\/wp-json\/wp\/v2\/users\/1"}],"replies":[{"embeddable":true,"href":"https:\/\/emporiant.com\/at\/wp-json\/wp\/v2\/comments?post=195"}],"version-history":[{"count":8,"href":"https:\/\/emporiant.com\/at\/wp-json\/wp\/v2\/pages\/195\/revisions"}],"predecessor-version":[{"id":526,"href":"https:\/\/emporiant.com\/at\/wp-json\/wp\/v2\/pages\/195\/revisions\/526"}],"wp:attachment":[{"href":"https:\/\/emporiant.com\/at\/wp-json\/wp\/v2\/media?parent=195"}],"curies":[{"name":"wp","href":"https:\/\/api.w.org\/{rel}","templated":true}]}}