
{"id":477,"date":"2026-01-27T08:36:00","date_gmt":"2026-01-27T08:36:00","guid":{"rendered":"https:\/\/emporiant.com\/at\/?page_id=477"},"modified":"2026-03-06T10:20:42","modified_gmt":"2026-03-06T10:20:42","slug":"book","status":"publish","type":"page","link":"https:\/\/emporiant.com\/at\/book","title":{"rendered":"Book"},"content":{"rendered":"\n<div id=\"book\" class=\"wp-block-group has-global-padding is-layout-constrained wp-block-group-is-layout-constrained\" style=\"border-radius:100px\">\n<div class=\"wp-block-group is-layout-flow wp-container-core-group-is-layout-81d5c4b5 wp-block-group-is-layout-flow\">\n<div class=\"wp-block-columns is-layout-flex wp-container-core-columns-is-layout-28f84493 wp-block-columns-is-layout-flex\">\n<div class=\"wp-block-column is-vertically-aligned-center is-layout-flow wp-block-column-is-layout-flow\">\n<p class=\"has-cyan-bluish-gray-color has-text-color has-link-color wp-elements-e8efc02a762c4eb2552895091ec7783b\"><em>Kontaktieren Sie Uns<\/em><\/p>\n\n\n\n<h2 class=\"wp-block-heading\"><strong><strong>Bereit f\u00fcr Content, der funktioniert?<\/strong><\/strong><\/h2>\n\n\n\n<p>Buchen Sie ein unverbindliches Erstgespr\u00e4ch. Wir schauen uns Ihre aktuelle Situation an, besprechen Ihre Ziele und zeigen Ihnen, wie Emporiant Sie dabei unterst\u00fctzen kann.<a href=\"https:\/\/www.claudeusercontent.com\/?domain=claude.ai&amp;errorReportingMode=parent&amp;formattedSpreadsheets=true#contact\"><\/a><\/p>\n\n\n\n<p class=\"has-small-font-size\"><em><strong>\u2713 Sorgenfrei:<\/strong> Wir \u00fcbernehmen Strategie, Produktion und Optimierung, sodass Ihre <mark style=\"background-color:rgba(0, 0, 0, 0)\" class=\"has-inline-color has-custom-primary-color\">Content-Investition <strong>vorhersehbare Rendite<\/strong> liefert.<\/mark><\/em><\/p>\n\n\n\n<div class=\"wp-block-group has-global-padding is-layout-constrained wp-block-group-is-layout-constrained\">\n<figure class=\"wp-block-image size-full\"><img decoding=\"async\" src=\"https:\/\/emporiant.com\/wp-content\/uploads\/2026\/01\/Majer_Mockups_Website.png\" alt=\"\" class=\"wp-image-1977\"\/><\/figure>\n<\/div>\n<\/div>\n\n\n\n<div class=\"wp-block-column is-layout-flow wp-block-column-is-layout-flow\">\n<div style=\"height:39px\" aria-hidden=\"true\" class=\"wp-block-spacer\"><\/div>\n\n\n\n<div class=\"wp-block-group has-global-padding is-layout-constrained wp-block-group-is-layout-constrained\"><div class=\"wp-block-jetpack-contact-form is-layout-flex wp-container-jetpack-contact-form-is-layout-2b4208ba wp-block-jetpack-contact-form-is-layout-flex\"><a href=\"https:\/\/emporiant.com\/at\/book\" target=\"_blank\" rel=\"noopener noreferrer\">Submit a form.<\/a><\/div><\/div>\n<\/div>\n<\/div>\n\n\n\n<blockquote class=\"wp-block-quote is-style-plain is-layout-flow wp-block-quote-is-layout-flow\" style=\"padding-top:0;padding-right:0;padding-bottom:0;padding-left:0\">\n<p class=\"has-small-font-size\"><em>Nach der \u00dcbermittlung meldet sich Ihr pers\u00f6nlicher Account Manager, um Ihre Content-Ziele zu besprechen und eine ma\u00dfgeschneiderte Strategie f\u00fcr den monatlichen Content-Bedarf Ihres Unternehmens zu erstellen.<\/em><\/p>\n<\/blockquote>\n<\/div>\n<\/div>\n","protected":false},"excerpt":{"rendered":"","protected":false},"author":1,"featured_media":0,"parent":0,"menu_order":0,"comment_status":"closed","ping_status":"closed","template":"full-width-template","meta":{"jetpack_post_was_ever_published":false,"footnotes":""},"class_list":["post-477","page","type-page","status-publish","hentry"],"aioseo_notices":[],"jetpack_sharing_enabled":true,"_links":{"self":[{"href":"https:\/\/emporiant.com\/at\/wp-json\/wp\/v2\/pages\/477","targetHints":{"allow":["GET"]}}],"collection":[{"href":"https:\/\/emporiant.com\/at\/wp-json\/wp\/v2\/pages"}],"about":[{"href":"https:\/\/emporiant.com\/at\/wp-json\/wp\/v2\/types\/page"}],"author":[{"embeddable":true,"href":"https:\/\/emporiant.com\/at\/wp-json\/wp\/v2\/users\/1"}],"replies":[{"embeddable":true,"href":"https:\/\/emporiant.com\/at\/wp-json\/wp\/v2\/comments?post=477"}],"version-history":[{"count":8,"href":"https:\/\/emporiant.com\/at\/wp-json\/wp\/v2\/pages\/477\/revisions"}],"predecessor-version":[{"id":491,"href":"https:\/\/emporiant.com\/at\/wp-json\/wp\/v2\/pages\/477\/revisions\/491"}],"wp:attachment":[{"href":"https:\/\/emporiant.com\/at\/wp-json\/wp\/v2\/media?parent=477"}],"curies":[{"name":"wp","href":"https:\/\/api.w.org\/{rel}","templated":true}]}}