
{"id":666,"date":"2026-02-26T12:50:27","date_gmt":"2026-02-26T12:50:27","guid":{"rendered":"https:\/\/emporiant.com\/at\/?page_id=666"},"modified":"2026-03-17T09:37:19","modified_gmt":"2026-03-17T09:37:19","slug":"blog","status":"publish","type":"page","link":"https:\/\/emporiant.com\/at\/blog","title":{"rendered":"Blog \u2013 Video Marketing &#038; Content Strategie | Emporiant"},"content":{"rendered":"\n<p>Get the latest updates, trends, and insights from the world of music, video, and social media. Emporiant News keeps you informed and inspired\u2014so you never miss what\u2019s next.<\/p>\n\n\n\n<div class=\"wp-block-group alignwide has-global-padding is-layout-constrained wp-container-core-group-is-layout-00f579c5 wp-block-group-is-layout-constrained\">\n<div style=\"height:100px\" aria-hidden=\"true\" class=\"wp-block-spacer\"><\/div>\n\n\n\n<div class=\"wp-block-columns is-layout-flex wp-container-core-columns-is-layout-28f84493 wp-block-columns-is-layout-flex\">\n<div class=\"wp-block-column is-layout-flow wp-block-column-is-layout-flow\" style=\"flex-basis:80%\">\n<h2 class=\"wp-block-heading\">News &amp; Insights<\/h2>\n\n\n\n<div style=\"height:50px\" aria-hidden=\"true\" class=\"wp-block-spacer\"><\/div>\n\n\n\n<div class=\"wp-block-query alignwide has-global-padding is-layout-constrained wp-block-query-is-layout-constrained\"><ul class=\"wp-block-post-template is-layout-flow wp-container-core-post-template-is-layout-0633b62c wp-block-post-template-is-layout-flow\"><li class=\"wp-block-post post-437 post type-post status-publish format-standard hentry category-uncategorized\">\n\n<div class=\"wp-block-group is-style-default blog-img-container has-global-padding is-layout-constrained wp-container-core-group-is-layout-2cd5cadf wp-block-group-is-layout-constrained\" style=\"padding-top:0;padding-right:0;padding-bottom:var(--wp--preset--spacing--xxs);padding-left:0\"><h5 style=\"line-height:1;\" class=\"wp-block-post-title has-24-font-size\"><a href=\"https:\/\/emporiant.com\/at\/archive\/437\" target=\"_self\" >Die Kraft des Brand Storytelling: Imagefilme schaffen, die verbinden<\/a><\/h5>\n\n\n\n<div class=\"wp-block-post-excerpt\"><p class=\"wp-block-post-excerpt__excerpt\">In einem Marktplatz, der mit Werbel\u00e4rm ges\u00e4ttigt ist, sind die Marken erfolgreich, die Geschichten erz\u00e4hlen, die es wert sind, erinnert zu werden. Imagefilme und&hellip;<\/p><p class=\"wp-block-post-excerpt__more-text\"><a class=\"wp-block-post-excerpt__more-link\" href=\"https:\/\/emporiant.com\/at\/archive\/437\">Read more<\/a><\/p><\/div>\n\n\n<div style=\"margin-top:0;margin-bottom:0;height:100px;width:0px\" aria-hidden=\"true\" class=\"wp-block-spacer\"><\/div>\n<\/div>\n\n<\/li><li class=\"wp-block-post post-435 post type-post status-publish format-standard has-post-thumbnail hentry category-uncategorized\">\n\n<div class=\"wp-block-group is-style-default blog-img-container has-global-padding is-layout-constrained wp-container-core-group-is-layout-2cd5cadf wp-block-group-is-layout-constrained\" style=\"padding-top:0;padding-right:0;padding-bottom:var(--wp--preset--spacing--xxs);padding-left:0\"><h5 style=\"line-height:1;\" class=\"wp-block-post-title has-24-font-size\"><a href=\"https:\/\/emporiant.com\/at\/archive\/435\" target=\"_self\" >Wie professionelle Social-Media-Content-Erstellung Ihre digitale Pr\u00e4senz transformiert<\/a><\/h5>\n\n<div style=\"margin-top:0;margin-bottom:0;\" class=\"wp-block-post-date__modified-date wp-block-post-date has-open-sans-font-family\"><time datetime=\"2026-03-30T09:18:57+00:00\">M\u00e4rz 30, 2026<\/time><\/div>\n\n<div class=\"wp-block-post-excerpt\"><p class=\"wp-block-post-excerpt__excerpt\">Social Media hat sich von einem netten Marketing-Kanal zum prim\u00e4ren Schlachtfeld um Markenaufmerksamkeit entwickelt. Mit Milliarden von Nutzern, die t\u00e4glich durch Feeds scrollen, sind&hellip;<\/p><p class=\"wp-block-post-excerpt__more-text\"><a class=\"wp-block-post-excerpt__more-link\" href=\"https:\/\/emporiant.com\/at\/archive\/435\">Read more<\/a><\/p><\/div>\n\n\n<div style=\"margin-top:0;margin-bottom:0;height:100px;width:0px\" aria-hidden=\"true\" class=\"wp-block-spacer\"><\/div>\n<\/div>\n\n<\/li><li class=\"wp-block-post post-741 post type-post status-publish format-standard has-post-thumbnail hentry category-uncategorized\">\n\n<div class=\"wp-block-group is-style-default blog-img-container has-global-padding is-layout-constrained wp-container-core-group-is-layout-2cd5cadf wp-block-group-is-layout-constrained\" style=\"padding-top:0;padding-right:0;padding-bottom:var(--wp--preset--spacing--xxs);padding-left:0\"><h5 style=\"line-height:1;\" class=\"wp-block-post-title has-24-font-size\"><a href=\"https:\/\/emporiant.com\/at\/archive\/741\" target=\"_self\" >Imagefilm vs.Werbespot<\/a><\/h5>\n\n<div style=\"margin-top:0;margin-bottom:0;\" class=\"wp-block-post-date__modified-date wp-block-post-date has-open-sans-font-family\"><time datetime=\"2026-03-16T18:55:35+00:00\">M\u00e4rz 16, 2026<\/time><\/div>\n\n<div class=\"wp-block-post-excerpt\"><p class=\"wp-block-post-excerpt__excerpt\">Zwei Formate. Zwei v\u00f6llig unterschiedliche Aufgaben. Die meisten Unternehmen w\u00e4hlen das falsche \u2013 oder bezahlen f\u00fcr beide getrennt, obwohl sie beides aus einer Hand&hellip;<\/p><p class=\"wp-block-post-excerpt__more-text\"><a class=\"wp-block-post-excerpt__more-link\" href=\"https:\/\/emporiant.com\/at\/archive\/741\">Read more<\/a><\/p><\/div>\n\n\n<div style=\"margin-top:0;margin-bottom:0;height:100px;width:0px\" aria-hidden=\"true\" class=\"wp-block-spacer\"><\/div>\n<\/div>\n\n<\/li><li class=\"wp-block-post post-735 post type-post status-publish format-standard has-post-thumbnail hentry category-uncategorized\">\n\n<div class=\"wp-block-group is-style-default blog-img-container has-global-padding is-layout-constrained wp-container-core-group-is-layout-2cd5cadf wp-block-group-is-layout-constrained\" style=\"padding-top:0;padding-right:0;padding-bottom:var(--wp--preset--spacing--xxs);padding-left:0\"><h5 style=\"line-height:1;\" class=\"wp-block-post-title has-24-font-size\"><a href=\"https:\/\/emporiant.com\/at\/archive\/735\" target=\"_self\" >Was kostet ein Imagefilm?<\/a><\/h5>\n\n<div style=\"margin-top:0;margin-bottom:0;\" class=\"wp-block-post-date__modified-date wp-block-post-date has-open-sans-font-family\"><time datetime=\"2026-03-16T18:54:39+00:00\">M\u00e4rz 16, 2026<\/time><\/div>\n\n<div class=\"wp-block-post-excerpt\"><p class=\"wp-block-post-excerpt__excerpt\">Die Wahrheit, die Ihnen kaum jemand sagt. \u00dcberall lesen Sie Preise zwischen 1.000 und 70.000 Euro. Niemand nennt Ihnen eine klare Zahl \u2013 weil&hellip;<\/p><p class=\"wp-block-post-excerpt__more-text\"><a class=\"wp-block-post-excerpt__more-link\" href=\"https:\/\/emporiant.com\/at\/archive\/735\">Read more<\/a><\/p><\/div>\n\n\n<div style=\"margin-top:0;margin-bottom:0;height:100px;width:0px\" aria-hidden=\"true\" class=\"wp-block-spacer\"><\/div>\n<\/div>\n\n<\/li><li class=\"wp-block-post post-433 post type-post status-publish format-standard has-post-thumbnail hentry category-uncategorized\">\n\n<div class=\"wp-block-group is-style-default blog-img-container has-global-padding is-layout-constrained wp-container-core-group-is-layout-2cd5cadf wp-block-group-is-layout-constrained\" style=\"padding-top:0;padding-right:0;padding-bottom:var(--wp--preset--spacing--xxs);padding-left:0\"><h5 style=\"line-height:1;\" class=\"wp-block-post-title has-24-font-size\"><a href=\"https:\/\/emporiant.com\/at\/archive\/433\" target=\"_self\" >Warum professionelle Videoproduktion f\u00fcr Ihr Markenwachstum 2026 unverzichtbar ist<\/a><\/h5>\n\n<div style=\"margin-top:0;margin-bottom:0;\" class=\"wp-block-post-date__modified-date wp-block-post-date has-open-sans-font-family\"><time datetime=\"2026-03-16T18:57:07+00:00\">M\u00e4rz 16, 2026<\/time><\/div>\n\n<div class=\"wp-block-post-excerpt\"><p class=\"wp-block-post-excerpt__excerpt\">In der heutigen digitalen Landschaft ist Videocontent keine Option mehr \u2013 er ist die treibende Kraft hinter erfolgreicher Markenkommunikation. W\u00e4hrend die Aufmerksamkeitsspanne der Konsumenten&hellip;<\/p><p class=\"wp-block-post-excerpt__more-text\"><a class=\"wp-block-post-excerpt__more-link\" href=\"https:\/\/emporiant.com\/at\/archive\/433\">Read more<\/a><\/p><\/div>\n\n\n<div style=\"margin-top:0;margin-bottom:0;height:100px;width:0px\" aria-hidden=\"true\" class=\"wp-block-spacer\"><\/div>\n<\/div>\n\n<\/li><li class=\"wp-block-post post-383 post type-post status-publish format-standard has-post-thumbnail hentry category-uncategorized\">\n\n<div class=\"wp-block-group is-style-default blog-img-container has-global-padding is-layout-constrained wp-container-core-group-is-layout-2cd5cadf wp-block-group-is-layout-constrained\" style=\"padding-top:0;padding-right:0;padding-bottom:var(--wp--preset--spacing--xxs);padding-left:0\"><h5 style=\"line-height:1;\" class=\"wp-block-post-title has-24-font-size\"><a href=\"https:\/\/emporiant.com\/at\/archive\/383\" target=\"_self\" >Martin Schmiderer&#8217;s Katharine &#8211; Musikvideo Produktion<\/a><\/h5>\n\n<div style=\"margin-top:0;margin-bottom:0;\" class=\"wp-block-post-date__modified-date wp-block-post-date has-open-sans-font-family\"><time datetime=\"2026-03-16T18:50:29+00:00\">M\u00e4rz 16, 2026<\/time><\/div>\n\n<div class=\"wp-block-post-excerpt\"><p class=\"wp-block-post-excerpt__excerpt\">Case Study Musikvideo Produktion Dieses Musikvideo war ein hochgradig durchgeplantes Projekt.Gedreht innerhalb von nur 6 Stunden, an einem einzigen Tag, auf den wundersch\u00f6nen Stra\u00dfen&hellip;<\/p><p class=\"wp-block-post-excerpt__more-text\"><a class=\"wp-block-post-excerpt__more-link\" href=\"https:\/\/emporiant.com\/at\/archive\/383\">Read more<\/a><\/p><\/div>\n\n\n<div style=\"margin-top:0;margin-bottom:0;height:100px;width:0px\" aria-hidden=\"true\" class=\"wp-block-spacer\"><\/div>\n<\/div>\n\n<\/li><li class=\"wp-block-post post-276 post type-post status-publish format-standard has-post-thumbnail hentry category-uncategorized\">\n\n<div class=\"wp-block-group is-style-default blog-img-container has-global-padding is-layout-constrained wp-container-core-group-is-layout-2cd5cadf wp-block-group-is-layout-constrained\" style=\"padding-top:0;padding-right:0;padding-bottom:var(--wp--preset--spacing--xxs);padding-left:0\"><h5 style=\"line-height:1;\" class=\"wp-block-post-title has-24-font-size\"><a href=\"https:\/\/emporiant.com\/at\/archive\/276\" target=\"_self\" >2025 \u2013 Was f\u00fcr ein Jahr \u2026<\/a><\/h5>\n\n<div style=\"margin-top:0;margin-bottom:0;\" class=\"wp-block-post-date__modified-date wp-block-post-date has-open-sans-font-family\"><time datetime=\"2025-12-24T20:18:36+00:00\">Dezember 24, 2025<\/time><\/div>\n\n<div class=\"wp-block-post-excerpt\"><p class=\"wp-block-post-excerpt__excerpt\">Gro\u00dfartige Projekte, inspirierende Gespr\u00e4che und eine Medien- und Werbebranche, die sich st\u00e4ndig neu erfindet. Bevor wir zur\u00fcckblicken, m\u00f6chten wir eines sagen: Danke! F\u00fcr Ihr&hellip;<\/p><p class=\"wp-block-post-excerpt__more-text\"><a class=\"wp-block-post-excerpt__more-link\" href=\"https:\/\/emporiant.com\/at\/archive\/276\">Read more<\/a><\/p><\/div>\n\n\n<div style=\"margin-top:0;margin-bottom:0;height:100px;width:0px\" aria-hidden=\"true\" class=\"wp-block-spacer\"><\/div>\n<\/div>\n\n<\/li><li class=\"wp-block-post post-267 post type-post status-publish format-standard has-post-thumbnail hentry category-uncategorized\">\n\n<div class=\"wp-block-group is-style-default blog-img-container has-global-padding is-layout-constrained wp-container-core-group-is-layout-2cd5cadf wp-block-group-is-layout-constrained\" style=\"padding-top:0;padding-right:0;padding-bottom:var(--wp--preset--spacing--xxs);padding-left:0\"><h5 style=\"line-height:1;\" class=\"wp-block-post-title has-24-font-size\"><a href=\"https:\/\/emporiant.com\/at\/archive\/267\" target=\"_self\" >Media Innovator Awards 2025 Emporiant<\/a><\/h5>\n\n<div style=\"margin-top:0;margin-bottom:0;\" class=\"wp-block-post-date__modified-date wp-block-post-date has-open-sans-font-family\"><time datetime=\"2025-12-23T10:47:39+00:00\">Dezember 23, 2025<\/time><\/div>\n\n<div class=\"wp-block-post-excerpt\"><p class=\"wp-block-post-excerpt__excerpt\">Zum Abschluss des Jahres 2025 \u2013 im Emporiant Email haben wir den Media Innovator Award erhalten. Wir f\u00fchlen uns geehrt, den Media Innovator Award&hellip;<\/p><p class=\"wp-block-post-excerpt__more-text\"><a class=\"wp-block-post-excerpt__more-link\" href=\"https:\/\/emporiant.com\/at\/archive\/267\">Read more<\/a><\/p><\/div>\n\n\n<div style=\"margin-top:0;margin-bottom:0;height:100px;width:0px\" aria-hidden=\"true\" class=\"wp-block-spacer\"><\/div>\n<\/div>\n\n<\/li><li class=\"wp-block-post post-258 post type-post status-publish format-standard has-post-thumbnail hentry category-uncategorized\">\n\n<div class=\"wp-block-group is-style-default blog-img-container has-global-padding is-layout-constrained wp-container-core-group-is-layout-2cd5cadf wp-block-group-is-layout-constrained\" style=\"padding-top:0;padding-right:0;padding-bottom:var(--wp--preset--spacing--xxs);padding-left:0\"><h5 style=\"line-height:1;\" class=\"wp-block-post-title has-24-font-size\"><a href=\"https:\/\/emporiant.com\/at\/archive\/258\" target=\"_self\" >K\u00fcnstliche Intelligenz im Marketing und in der Ad Tech Industrie<\/a><\/h5>\n\n<div style=\"margin-top:0;margin-bottom:0;\" class=\"wp-block-post-date__modified-date wp-block-post-date has-open-sans-font-family\"><time datetime=\"2025-12-17T14:54:06+00:00\">Dezember 17, 2025<\/time><\/div>\n\n<div class=\"wp-block-post-excerpt\"><p class=\"wp-block-post-excerpt__excerpt\">K\u00fcnstliche Intelligenz im Marketing und Ad Tech K\u00fcnstliche Intelligenz (KI) wird zu einem der wichtigsten Treiber des modernen Marketings und der Ad Tech Industrie.&hellip;<\/p><p class=\"wp-block-post-excerpt__more-text\"><a class=\"wp-block-post-excerpt__more-link\" href=\"https:\/\/emporiant.com\/at\/archive\/258\">Read more<\/a><\/p><\/div>\n\n\n<div style=\"margin-top:0;margin-bottom:0;height:100px;width:0px\" aria-hidden=\"true\" class=\"wp-block-spacer\"><\/div>\n<\/div>\n\n<\/li><li class=\"wp-block-post post-164 post type-post status-publish format-standard hentry category-uncategorized\">\n\n<div class=\"wp-block-group is-style-default blog-img-container has-global-padding is-layout-constrained wp-container-core-group-is-layout-2cd5cadf wp-block-group-is-layout-constrained\" style=\"padding-top:0;padding-right:0;padding-bottom:var(--wp--preset--spacing--xxs);padding-left:0\"><h5 style=\"line-height:1;\" class=\"wp-block-post-title has-24-font-size\"><a href=\"https:\/\/emporiant.com\/at\/archive\/164\" target=\"_self\" >Alex Hormozi hat gerade den Guinness-Weltrekord f\u00fcr die meisten verkauften B\u00fccher innerhalb von 24 Stunden gebrochen: 2,5 Millionen.<\/a><\/h5>\n\n<div style=\"margin-top:0;margin-bottom:0;\" class=\"wp-block-post-date__modified-date wp-block-post-date has-open-sans-font-family\"><time datetime=\"2025-11-26T09:20:32+00:00\">November 26, 2025<\/time><\/div>\n\n<div class=\"wp-block-post-excerpt\"><p class=\"wp-block-post-excerpt__excerpt\">Alex Hormozi hat gerade den Guinness-Weltrekord f\u00fcr die meisten verkauften B\u00fccher innerhalb von 24 Stunden gebrochen: 2,5 Millionen. Und das lag nicht nur an&hellip;<\/p><p class=\"wp-block-post-excerpt__more-text\"><a class=\"wp-block-post-excerpt__more-link\" href=\"https:\/\/emporiant.com\/at\/archive\/164\">Read more<\/a><\/p><\/div>\n\n\n<div style=\"margin-top:0;margin-bottom:0;height:100px;width:0px\" aria-hidden=\"true\" class=\"wp-block-spacer\"><\/div>\n<\/div>\n\n<\/li><\/ul><\/div>\n<\/div>\n\n\n\n<div class=\"wp-block-column has-custom-background-primary-color has-custom-text-color-background-color has-text-color has-background has-link-color wp-elements-761950315ed8e825a1b8e990a9931ac7 is-layout-flow wp-block-column-is-layout-flow\" style=\"padding-top:var(--wp--preset--spacing--60);padding-right:var(--wp--preset--spacing--40);padding-bottom:var(--wp--preset--spacing--60);padding-left:var(--wp--preset--spacing--40);flex-basis:20%\">\n<h3 class=\"wp-block-heading\">Case Studies<\/h3>\n\n\n\n<div style=\"height:50px\" aria-hidden=\"true\" class=\"wp-block-spacer\"><\/div>\n\n\n\n<div class=\"wp-block-query alignwide has-global-padding is-layout-constrained wp-block-query-is-layout-constrained\"><ul class=\"wp-block-post-template is-layout-flow wp-container-core-post-template-is-layout-0633b62c wp-block-post-template-is-layout-flow\"><li class=\"wp-block-post post-771 case-study type-case-study status-publish hentry\">\n\n<div class=\"wp-block-group is-style-default blog-img-container has-global-padding is-layout-constrained wp-container-core-group-is-layout-2cd5cadf wp-block-group-is-layout-constrained\" style=\"padding-top:0;padding-right:0;padding-bottom:var(--wp--preset--spacing--xxs);padding-left:0\"><h6 style=\"line-height:1;\" class=\"wp-block-post-title has-24-font-size\"><a href=\"https:\/\/emporiant.com\/at\/archive\/case-study\/werbetechnik-majer-x-emporiant\" target=\"_self\" >Werbetechnik Majer x Emporiant<\/a><\/h6>\n\n<div style=\"margin-top:0;margin-bottom:0;\" class=\"wp-block-post-date__modified-date wp-block-post-date has-open-sans-font-family\"><time datetime=\"2026-03-16T11:09:44+00:00\">M\u00e4rz 16, 2026<\/time><\/div>\n\n<div class=\"wp-block-post-excerpt\"><p class=\"wp-block-post-excerpt__excerpt\">Alles, an einem Samstag. Wie ein Familienbetrieb aus Weiz in einem einzigen Drehtag fast 200.000 Aufrufe, neue Follower und eine v\u00f6llig neue visuelle Identit\u00e4t&hellip;<\/p><p class=\"wp-block-post-excerpt__more-text\"><a class=\"wp-block-post-excerpt__more-link\" href=\"https:\/\/emporiant.com\/at\/archive\/case-study\/werbetechnik-majer-x-emporiant\">Read more<\/a><\/p><\/div>\n\n\n<div style=\"margin-top:0;margin-bottom:0;height:100px;width:0px\" aria-hidden=\"true\" class=\"wp-block-spacer\"><\/div>\n<\/div>\n\n<\/li><\/ul><\/div>\n<\/div>\n<\/div>\n\n\n\n<div style=\"height:100px\" aria-hidden=\"true\" class=\"wp-block-spacer\"><\/div>\n<\/div>\n","protected":false},"excerpt":{"rendered":"<p>Get the latest updates, trends, and insights from the world of music, video, and social media. Emporiant News keeps you informed and inspired\u2014so you never miss what\u2019s next. News &amp; Insights Case Studies<\/p>\n","protected":false},"author":1,"featured_media":0,"parent":0,"menu_order":0,"comment_status":"closed","ping_status":"closed","template":"","meta":{"jetpack_post_was_ever_published":false,"footnotes":""},"class_list":["post-666","page","type-page","status-publish","hentry"],"aioseo_notices":[],"jetpack_sharing_enabled":true,"_links":{"self":[{"href":"https:\/\/emporiant.com\/at\/wp-json\/wp\/v2\/pages\/666","targetHints":{"allow":["GET"]}}],"collection":[{"href":"https:\/\/emporiant.com\/at\/wp-json\/wp\/v2\/pages"}],"about":[{"href":"https:\/\/emporiant.com\/at\/wp-json\/wp\/v2\/types\/page"}],"author":[{"embeddable":true,"href":"https:\/\/emporiant.com\/at\/wp-json\/wp\/v2\/users\/1"}],"replies":[{"embeddable":true,"href":"https:\/\/emporiant.com\/at\/wp-json\/wp\/v2\/comments?post=666"}],"version-history":[{"count":4,"href":"https:\/\/emporiant.com\/at\/wp-json\/wp\/v2\/pages\/666\/revisions"}],"predecessor-version":[{"id":828,"href":"https:\/\/emporiant.com\/at\/wp-json\/wp\/v2\/pages\/666\/revisions\/828"}],"wp:attachment":[{"href":"https:\/\/emporiant.com\/at\/wp-json\/wp\/v2\/media?parent=666"}],"curies":[{"name":"wp","href":"https:\/\/api.w.org\/{rel}","templated":true}]}}