
{"id":255,"date":"2026-02-26T11:23:05","date_gmt":"2026-02-26T10:23:05","guid":{"rendered":"https:\/\/emporiant.com\/ba\/?page_id=255"},"modified":"2026-02-26T11:30:10","modified_gmt":"2026-02-26T10:30:10","slug":"o-nama","status":"publish","type":"page","link":"https:\/\/emporiant.com\/ba\/o-nama","title":{"rendered":"O nama"},"content":{"rendered":"\n<div style=\"height:100px\" aria-hidden=\"true\" class=\"wp-block-spacer\"><\/div>\n\n\n\n<div class=\"wp-block-group has-global-padding is-layout-constrained wp-container-core-group-is-layout-704e782a wp-block-group-is-layout-constrained\"><link rel=\"stylesheet\" href=\"https:\/\/fonts.googleapis.com\/css2?family=Inter:wght@400;500;600;700;800\" \/>\n<div class=\"wp-block-group has-text-color has-background has-link-color wp-elements-c3e00de321c935a411c7b8e6e3410368 has-global-padding is-layout-constrained wp-container-core-group-is-layout-8b7f0191 wp-block-group-is-layout-constrained\" style=\"color:#4c4c4c;background-color:#fffffe;margin-top:0;margin-bottom:0;padding-top:80px;padding-right:26px;padding-bottom:80px;padding-left:26px;font-size:16px;line-height:1.7; font-family: 'Inter' !important;\" style=\"color:#4c4c4c;background-color:#fffffe;margin-top:0;margin-bottom:0;padding-top:80px;padding-right:26px;padding-bottom:80px;padding-left:26px;font-size:16px;line-height:1.7\">\n<div style=\"height:40px\" aria-hidden=\"true\" class=\"wp-block-spacer\"><\/div>\n\n\n\n<figure class=\"wp-block-image aligncenter size-full is-resized has-custom-border\"><img decoding=\"async\" src=\"https:\/\/emporiant.com\/wp-content\/uploads\/2026\/01\/antonymw.jpg\" alt=\"\" class=\"wp-image-2376\" style=\"border-radius:100%;width:177px;height:auto\"\/><\/figure>\n\n\n<link rel=\"stylesheet\" href=\"https:\/\/fonts.googleapis.com\/css2?family=Playfair+Display:wght@400;500;600;700;800\" \/>\n<h2 class=\"wp-block-heading has-text-align-center has-text-color has-link-color has-open-sans-font-family wp-elements-a4ece768156c6541526a1d6e19708d2c\" style=\"color:#1e1905;margin-top:16px;margin-bottom:6px;font-size:22px;font-style:normal;font-weight:500; font-family: 'Playfair Display' !important;\" style=\"color:#1e1905;margin-top:16px;margin-bottom:6px;font-size:22px;font-style:normal;font-weight:500\">Anto Markunovic<\/h2>\n\n\n\n<p class=\"has-text-align-center has-text-color has-link-color wp-elements-4a3e6bd497050bae92a8e0d5a9b74561\" style=\"color:#808080;font-style:normal;font-weight:500\"><em>Osniva\u010d<\/em><\/p>\n\n\n\n<div class=\"wp-block-group has-global-padding is-layout-constrained wp-container-core-group-is-layout-f6aacca4 wp-block-group-is-layout-constrained\" style=\"margin-top:30px\">\n<p>Dragi partneri i vizionari,<\/p>\n\n\n\n<p>Kada sam osnovao Emporiant, to je bilo s jednostavnim, ali odva\u017enim uvjerenjem: da na\u010din na koji do\u017eivljavamo trgovinu, povezanost i kreativnost mo\u017ee \u2014 i mora \u2014 evoluirati. U svijetu koji ubrzano te\u017ei ka nevi\u0111enoj tehnolo\u0161koj i dru\u0161tvenoj transformaciji, Emporiant nije samo kompanija \u2014 to je portal ka budu\u0107nosti ljudske interakcije, otkrivanja i stvaranja vrijednosti.<\/p>\n\n\n\n<p>Na\u0161a misija je da ponovo defini\u0161emo \u0161ta zna\u010di biti u interakciji s idejama, proizvodima i zajednicama. Gradimo ekosistem u kojem je inovacija besprijekorno integrisana u svakodnevni \u017eivot, gdje svaka interakcija stvara prilike, a nemogu\u0107e postaje sljede\u0107i prirodni korak. Emporiant je stvoren da predvidi potrebe budu\u0107nosti, a ne samo da odgovara na zahtjeve dana\u0161njice.<\/p>\n\n\n\n<p>Osnovao sam Emporiant jer sam uo\u010dio jaz izme\u0111u potencijala i stvarnosti \u2014 svijet u kojem ljudska domi\u0161ljatost \u010desto nadma\u0161uje alate koje imamo da je iskoristimo. Na\u0161a vizija je jasna: osna\u017eiti kreatore, preduze\u0107a i zajednice da napreduju u novoj eri povezanih, inteligentnih i prilagodljivih iskustava.<\/p>\n\n\n\n<p>Ovo putovanje tek po\u010dinje. Zajedno, s partnerima koji dijele na\u0161e predvi\u0111anje i hrabrost, oblikovat \u0107emo budu\u0107nost u kojoj je inovacija neograni\u010dena, prilike su bezgrani\u010dne, a izvanredno je uobi\u010dajeno.<\/p>\n\n\n\n<p>Dobrodo\u0161li u Emporiant \u2014 budu\u0107nost, zami\u0161ljena i ostvarena.<\/p>\n\n\n\n<p>S optimizmom i odlu\u010dno\u0161\u0107u,<\/p>\n\n\n\n<p>Anto Markunovic<\/p>\n\n\n\n<p>Osniva\u010d i vlasnik, Emporiant<\/p>\n\n\n\n<div class=\"wp-block-group has-global-padding is-content-justification-right is-layout-constrained wp-container-core-group-is-layout-f1f2ed93 wp-block-group-is-layout-constrained\">\n<figure class=\"wp-block-image size-medium\" style=\"margin-top:26px\"><img decoding=\"async\" src=\"https:\/\/emporiant.com\/wp-content\/uploads\/2026\/01\/IMG_2246-300x155.png\" alt=\"\" class=\"wp-image-2379\"\/><\/figure>\n<\/div>\n<\/div>\n<\/div>\n<\/div>\n","protected":false},"excerpt":{"rendered":"<p>Anto Markunovic Osniva\u010d Dragi partneri i vizionari, Kada sam osnovao Emporiant, to je bilo s jednostavnim, ali odva\u017enim uvjerenjem: da na\u010din na koji do\u017eivljavamo trgovinu, povezanost i kreativnost mo\u017ee \u2014 i mora \u2014 evoluirati. U svijetu koji ubrzano te\u017ei ka nevi\u0111enoj tehnolo\u0161koj i dru\u0161tvenoj transformaciji, Emporiant nije samo kompanija \u2014 to je portal ka budu\u0107nosti [&hellip;]<\/p>\n","protected":false},"author":1,"featured_media":0,"parent":0,"menu_order":0,"comment_status":"closed","ping_status":"closed","template":"full-width-template","meta":{"jetpack_post_was_ever_published":false,"footnotes":""},"class_list":["post-255","page","type-page","status-publish","hentry"],"aioseo_notices":[],"jetpack_sharing_enabled":true,"_links":{"self":[{"href":"https:\/\/emporiant.com\/ba\/wp-json\/wp\/v2\/pages\/255","targetHints":{"allow":["GET"]}}],"collection":[{"href":"https:\/\/emporiant.com\/ba\/wp-json\/wp\/v2\/pages"}],"about":[{"href":"https:\/\/emporiant.com\/ba\/wp-json\/wp\/v2\/types\/page"}],"author":[{"embeddable":true,"href":"https:\/\/emporiant.com\/ba\/wp-json\/wp\/v2\/users\/1"}],"replies":[{"embeddable":true,"href":"https:\/\/emporiant.com\/ba\/wp-json\/wp\/v2\/comments?post=255"}],"version-history":[{"count":3,"href":"https:\/\/emporiant.com\/ba\/wp-json\/wp\/v2\/pages\/255\/revisions"}],"predecessor-version":[{"id":261,"href":"https:\/\/emporiant.com\/ba\/wp-json\/wp\/v2\/pages\/255\/revisions\/261"}],"wp:attachment":[{"href":"https:\/\/emporiant.com\/ba\/wp-json\/wp\/v2\/media?parent=255"}],"curies":[{"name":"wp","href":"https:\/\/api.w.org\/{rel}","templated":true}]}}