
{"id":259,"date":"2026-01-22T14:09:40","date_gmt":"2026-01-22T14:09:40","guid":{"rendered":"https:\/\/emporiant.com\/hr\/?page_id=259"},"modified":"2026-01-25T03:05:39","modified_gmt":"2026-01-25T03:05:39","slug":"knowledge-base","status":"publish","type":"page","link":"https:\/\/emporiant.com\/hr\/knowledge-base\/","title":{"rendered":"Knowledge Base"},"content":{"rendered":"\n<div style=\"height:100px\" aria-hidden=\"true\" class=\"wp-block-spacer\"><\/div>\n\n\n\n<div class=\"wp-block-group has-global-padding is-layout-constrained wp-block-group-is-layout-constrained\">\n<div class=\"wp-block-group is-layout-flow wp-container-core-group-is-layout-81d5c4b5 wp-block-group-is-layout-flow\">\n<p class=\"has-cyan-bluish-gray-color has-text-color has-link-color wp-elements-dc5d6cf6196d5b8c3ee59c0e296c88c3\">Bro\u0161ure i dokumenti<\/p>\n\n\n\n<h2 class=\"wp-block-heading\">Baza znanja i Bro\u0161ure s podacima<\/h2>\n\n\n\n<p>Prona\u0111ite najnovije vijesti, dokumente i izvje\u0161taje koji su relevantni.<\/p>\n\n\n\n<div style=\"height:20px\" aria-hidden=\"true\" class=\"wp-block-spacer\"><\/div>\n\n\n\n<h6 class=\"wp-block-heading\">Najnoviji dokumenti<\/h6>\n<\/div>\n\n\n\n<div class=\"wp-block-group has-global-padding is-layout-constrained wp-block-group-is-layout-constrained\">\n<div class=\"wp-block-group has-global-padding is-layout-constrained wp-block-group-is-layout-constrained\">\n<hr class=\"wp-block-separator has-alpha-channel-opacity is-style-wide\"\/>\n\n\n\n<p><a href=\"https:\/\/emporiant.com\/wp-content\/uploads\/2026\/01\/Frontier%C2%B4s-Edge-A4.pdf\" title=\"\">Frontier\u00b4s Edge 2025.pdf<\/a><\/p>\n<\/div>\n\n\n\n<div class=\"wp-block-group has-global-padding is-layout-constrained wp-block-group-is-layout-constrained\">\n<hr class=\"wp-block-separator has-alpha-channel-opacity is-style-wide\"\/>\n\n\n\n<p>A\u017euriranja ra\u010dunalne infrastrukture 2025.pdf<\/p>\n<\/div>\n\n\n\n<div class=\"wp-block-group has-global-padding is-layout-constrained wp-block-group-is-layout-constrained\">\n<hr class=\"wp-block-separator has-alpha-channel-opacity is-style-wide\"\/>\n\n\n\n<p><a href=\"https:\/\/emporiant.com\/wp-content\/uploads\/2026\/01\/Sustainability-Report-2025.pdf\" title=\"\">Izvje\u0161\u0107e o odr\u017eivosti 2025.pdf<\/a><\/p>\n<\/div>\n\n\n\n<hr class=\"wp-block-separator has-alpha-channel-opacity is-style-wide\"\/>\n<\/div>\n<\/div>\n\n\n\n<div style=\"height:100px\" aria-hidden=\"true\" class=\"wp-block-spacer\"><\/div>\n","protected":false},"excerpt":{"rendered":"<p>Bro\u0161ure i dokumenti Baza znanja i Bro\u0161ure s podacima Prona\u0111ite najnovije vijesti, dokumente i izvje\u0161taje koji su relevantni. Najnoviji dokumenti Frontier\u00b4s Edge 2025.pdf A\u017euriranja ra\u010dunalne infrastrukture 2025.pdf Izvje\u0161\u0107e o odr\u017eivosti 2025.pdf<\/p>\n","protected":false},"author":1,"featured_media":0,"parent":0,"menu_order":0,"comment_status":"closed","ping_status":"closed","template":"full-width-template","meta":{"jetpack_post_was_ever_published":false,"footnotes":""},"class_list":["post-259","page","type-page","status-publish","hentry"],"aioseo_notices":[],"jetpack_sharing_enabled":true,"_links":{"self":[{"href":"https:\/\/emporiant.com\/hr\/wp-json\/wp\/v2\/pages\/259","targetHints":{"allow":["GET"]}}],"collection":[{"href":"https:\/\/emporiant.com\/hr\/wp-json\/wp\/v2\/pages"}],"about":[{"href":"https:\/\/emporiant.com\/hr\/wp-json\/wp\/v2\/types\/page"}],"author":[{"embeddable":true,"href":"https:\/\/emporiant.com\/hr\/wp-json\/wp\/v2\/users\/1"}],"replies":[{"embeddable":true,"href":"https:\/\/emporiant.com\/hr\/wp-json\/wp\/v2\/comments?post=259"}],"version-history":[{"count":3,"href":"https:\/\/emporiant.com\/hr\/wp-json\/wp\/v2\/pages\/259\/revisions"}],"predecessor-version":[{"id":266,"href":"https:\/\/emporiant.com\/hr\/wp-json\/wp\/v2\/pages\/259\/revisions\/266"}],"wp:attachment":[{"href":"https:\/\/emporiant.com\/hr\/wp-json\/wp\/v2\/media?parent=259"}],"curies":[{"name":"wp","href":"https:\/\/api.w.org\/{rel}","templated":true}]}}