
{"id":28,"date":"2025-11-27T09:25:02","date_gmt":"2025-11-27T09:25:02","guid":{"rendered":"https:\/\/emporiant.com\/hr\/?page_id=28"},"modified":"2025-11-27T09:32:12","modified_gmt":"2025-11-27T09:32:12","slug":"impressum","status":"publish","type":"page","link":"https:\/\/emporiant.com\/hr\/impressum\/","title":{"rendered":"Impressum"},"content":{"rendered":"\n<p><strong>Va\u017ei od 18. studenog 2025<\/strong><\/p>\n\n\n\n<p><strong>Emporiant e.U.<br><\/strong>Produkcija filmova i stvaranje sadr\u017eaja<br>Wielandgasse 4, 8010 Graz, Austrija<br>Telefon: +43 650 435 2817<br>E-po\u0161ta: office@emporiant.com<br>Web-stranica: www.emporiant.com<\/p>\n\n\n\n<p>Registarski broj dru\u0161tva: FN 664514b<br>Nadzorni organ: Okru\u017eni ured Graz<br>\u010clan Gospodarske komore \u0160tajerske<br>Zakon o trgova\u010dkom registru: www.ris.bka.gv.at<\/p>\n\n\n\n<p>Ove napomene o objavi vrijede za sve web-stranice, poddomene i internetske usluge tvrtke <strong>Emporiant e.U.<\/strong>, osobito za <strong>emporiant.com, app.emporiant.com<\/strong>, <strong>shop.emporiant.com, hq.emporiant.com, net.emporiant.com, ignite.emporiant.com, blkc.emporiant.com<\/strong><\/p>\n","protected":false},"excerpt":{"rendered":"<p>Va\u017ei od 18. studenog 2025 Emporiant e.U.Produkcija filmova i stvaranje sadr\u017eajaWielandgasse 4, 8010 Graz, AustrijaTelefon: +43 650 435 2817E-po\u0161ta: office@emporiant.comWeb-stranica: www.emporiant.com Registarski broj dru\u0161tva: FN 664514bNadzorni organ: Okru\u017eni ured Graz\u010clan Gospodarske komore \u0160tajerskeZakon o trgova\u010dkom registru: www.ris.bka.gv.at Ove napomene o objavi vrijede za sve web-stranice, poddomene i internetske usluge tvrtke Emporiant e.U., osobito za emporiant.com, [&hellip;]<\/p>\n","protected":false},"author":1,"featured_media":0,"parent":0,"menu_order":0,"comment_status":"closed","ping_status":"closed","template":"","meta":{"jetpack_post_was_ever_published":false,"footnotes":""},"class_list":["post-28","page","type-page","status-publish","hentry"],"aioseo_notices":[],"jetpack_sharing_enabled":true,"_links":{"self":[{"href":"https:\/\/emporiant.com\/hr\/wp-json\/wp\/v2\/pages\/28","targetHints":{"allow":["GET"]}}],"collection":[{"href":"https:\/\/emporiant.com\/hr\/wp-json\/wp\/v2\/pages"}],"about":[{"href":"https:\/\/emporiant.com\/hr\/wp-json\/wp\/v2\/types\/page"}],"author":[{"embeddable":true,"href":"https:\/\/emporiant.com\/hr\/wp-json\/wp\/v2\/users\/1"}],"replies":[{"embeddable":true,"href":"https:\/\/emporiant.com\/hr\/wp-json\/wp\/v2\/comments?post=28"}],"version-history":[{"count":3,"href":"https:\/\/emporiant.com\/hr\/wp-json\/wp\/v2\/pages\/28\/revisions"}],"predecessor-version":[{"id":32,"href":"https:\/\/emporiant.com\/hr\/wp-json\/wp\/v2\/pages\/28\/revisions\/32"}],"wp:attachment":[{"href":"https:\/\/emporiant.com\/hr\/wp-json\/wp\/v2\/media?parent=28"}],"curies":[{"name":"wp","href":"https:\/\/api.w.org\/{rel}","templated":true}]}}