
{"id":393,"date":"2026-02-26T12:53:59","date_gmt":"2026-02-26T12:53:59","guid":{"rendered":"https:\/\/emporiant.com\/hr\/?page_id=393"},"modified":"2026-02-26T12:54:35","modified_gmt":"2026-02-26T12:54:35","slug":"blog","status":"publish","type":"page","link":"https:\/\/emporiant.com\/hr\/blog\/","title":{"rendered":"Blog"},"content":{"rendered":"\n<p>Dobijte najnovija a\u017euriranja, trendove i uvide iz svijeta glazbe, videa i dru\u0161tvenih mre\u017ea. Emporiant News vas dr\u017ei informiranim i inspiriranim\u2014tako da nikada ne propustite \u0161to je sljede\u0107e.<\/p>\n\n\n\n<div class=\"wp-block-group alignwide has-global-padding is-layout-constrained wp-container-core-group-is-layout-00f579c5 wp-block-group-is-layout-constrained\">\n<div style=\"height:100px\" aria-hidden=\"true\" class=\"wp-block-spacer\"><\/div>\n\n\n\n<div class=\"wp-block-query alignwide has-global-padding is-layout-constrained wp-block-query-is-layout-constrained\"><ul class=\"wp-block-post-template is-layout-flow wp-container-core-post-template-is-layout-0633b62c wp-block-post-template-is-layout-flow\"><li class=\"wp-block-post post-257 post type-post status-publish format-standard has-post-thumbnail hentry category-uncategorized\">\n\n<div class=\"wp-block-group is-style-default blog-img-container has-global-padding is-layout-constrained wp-container-core-group-is-layout-2cd5cadf wp-block-group-is-layout-constrained\" style=\"padding-top:0;padding-right:0;padding-bottom:var(--wp--preset--spacing--xxs);padding-left:0\"><h5 style=\"line-height:1;\" class=\"wp-block-post-title has-24-font-size\"><a href=\"https:\/\/emporiant.com\/hr\/2026\/02\/20\/zasto-je-profesionalna-video-produkcija-kljucna-za-rast-vaseg-brenda-u-2026\/\" target=\"_self\" >Za\u0161to je profesionalna video produkcija klju\u010dna za rast va\u0161eg brenda u 2026<\/a><\/h5>\n\n<div style=\"margin-top:0;margin-bottom:0;\" class=\"wp-block-post-date__modified-date wp-block-post-date has-open-sans-font-family\"><time datetime=\"2026-03-16T18:58:58+00:00\">16 o\u017eujka, 2026<\/time><\/div>\n\n<div class=\"wp-block-post-excerpt\"><p class=\"wp-block-post-excerpt__excerpt\">U dana\u0161njem digitalnom okru\u017eenju, video sadr\u017eaj nije vi\u0161e samo opcija \u2013 on je pokreta\u010dka snaga uspje\u0161ne komunikacije brenda. Dok se raspon pa\u017enje potro\u0161a\u010da smanjuje,&hellip;<\/p><p class=\"wp-block-post-excerpt__more-text\"><a class=\"wp-block-post-excerpt__more-link\" href=\"https:\/\/emporiant.com\/hr\/2026\/02\/20\/zasto-je-profesionalna-video-produkcija-kljucna-za-rast-vaseg-brenda-u-2026\/\">Read more<\/a><\/p><\/div>\n\n\n<div style=\"margin-top:0;margin-bottom:0;height:100px;width:0px\" aria-hidden=\"true\" class=\"wp-block-spacer\"><\/div>\n<\/div>\n\n<\/li><li class=\"wp-block-post post-250 post type-post status-publish format-standard has-post-thumbnail hentry category-uncategorized\">\n\n<div class=\"wp-block-group is-style-default blog-img-container has-global-padding is-layout-constrained wp-container-core-group-is-layout-2cd5cadf wp-block-group-is-layout-constrained\" style=\"padding-top:0;padding-right:0;padding-bottom:var(--wp--preset--spacing--xxs);padding-left:0\"><h5 style=\"line-height:1;\" class=\"wp-block-post-title has-24-font-size\"><a href=\"https:\/\/emporiant.com\/hr\/2026\/01\/17\/martin-schmiderers-katharine-produkcija-glazbenog-video-spota\/\" target=\"_self\" >Martin Schmiderer&#8217;s Katharine &#8211; Produkcija glazbenog video spota<\/a><\/h5>\n\n<div style=\"margin-top:0;margin-bottom:0;\" class=\"wp-block-post-date__modified-date wp-block-post-date has-open-sans-font-family\"><time datetime=\"2026-03-16T18:58:37+00:00\">16 o\u017eujka, 2026<\/time><\/div>\n\n<div class=\"wp-block-post-excerpt\"><p class=\"wp-block-post-excerpt__excerpt\">Case Study Produkcija glazbenog spota Ovaj glazbeni spot bio je projekt s vrlo detaljnim planiranjem.Snimano u samo 6 sati, tijekom jednog dana, na prekrasnim&hellip;<\/p><p class=\"wp-block-post-excerpt__more-text\"><a class=\"wp-block-post-excerpt__more-link\" href=\"https:\/\/emporiant.com\/hr\/2026\/01\/17\/martin-schmiderers-katharine-produkcija-glazbenog-video-spota\/\">Read more<\/a><\/p><\/div>\n\n\n<div style=\"margin-top:0;margin-bottom:0;height:100px;width:0px\" aria-hidden=\"true\" class=\"wp-block-spacer\"><\/div>\n<\/div>\n\n<\/li><li class=\"wp-block-post post-147 post type-post status-publish format-standard has-post-thumbnail hentry category-uncategorized\">\n\n<div class=\"wp-block-group is-style-default blog-img-container has-global-padding is-layout-constrained wp-container-core-group-is-layout-2cd5cadf wp-block-group-is-layout-constrained\" style=\"padding-top:0;padding-right:0;padding-bottom:var(--wp--preset--spacing--xxs);padding-left:0\"><h5 style=\"line-height:1;\" class=\"wp-block-post-title has-24-font-size\"><a href=\"https:\/\/emporiant.com\/hr\/2025\/12\/24\/2025-kakva-godina\/\" target=\"_self\" >2025 &#8211; kakva godina&#8230;<\/a><\/h5>\n\n<div style=\"margin-top:0;margin-bottom:0;\" class=\"wp-block-post-date__modified-date wp-block-post-date has-open-sans-font-family\"><time datetime=\"2025-12-24T20:21:39+00:00\">24 prosinca, 2025<\/time><\/div>\n\n<div class=\"wp-block-post-excerpt\"><p class=\"wp-block-post-excerpt__excerpt\">Nevjerojatni projekti, inspirativni razgovori i medijska\/ogla\u0161iva\u010dka industrija koja se neprestano iznova razvija. Prije nego \u0161to se osvrnemo unatrag, \u017eelimo re\u0107i jedno: hvala! Hvala vam&hellip;<\/p><p class=\"wp-block-post-excerpt__more-text\"><a class=\"wp-block-post-excerpt__more-link\" href=\"https:\/\/emporiant.com\/hr\/2025\/12\/24\/2025-kakva-godina\/\">Read more<\/a><\/p><\/div>\n\n\n<div style=\"margin-top:0;margin-bottom:0;height:100px;width:0px\" aria-hidden=\"true\" class=\"wp-block-spacer\"><\/div>\n<\/div>\n\n<\/li><li class=\"wp-block-post post-140 post type-post status-publish format-standard has-post-thumbnail hentry category-uncategorized\">\n\n<div class=\"wp-block-group is-style-default blog-img-container has-global-padding is-layout-constrained wp-container-core-group-is-layout-2cd5cadf wp-block-group-is-layout-constrained\" style=\"padding-top:0;padding-right:0;padding-bottom:var(--wp--preset--spacing--xxs);padding-left:0\"><h5 style=\"line-height:1;\" class=\"wp-block-post-title has-24-font-size\"><a href=\"https:\/\/emporiant.com\/hr\/2025\/12\/23\/media-innovator-awards-2025-emporiant\/\" target=\"_self\" >Media Innovator Awards 2025 Emporiant<\/a><\/h5>\n\n<div style=\"margin-top:0;margin-bottom:0;\" class=\"wp-block-post-date__modified-date wp-block-post-date has-open-sans-font-family\"><time datetime=\"2025-12-23T10:47:39+00:00\">23 prosinca, 2025<\/time><\/div>\n\n<div class=\"wp-block-post-excerpt\"><p class=\"wp-block-post-excerpt__excerpt\">Za kraj 2025. godine \u2013 u Emporiant Emailu primili smo Media Innovator Award. Velika nam je \u010dast primiti Media Innovator Award 2025 za Entvisek.&hellip;<\/p><p class=\"wp-block-post-excerpt__more-text\"><a class=\"wp-block-post-excerpt__more-link\" href=\"https:\/\/emporiant.com\/hr\/2025\/12\/23\/media-innovator-awards-2025-emporiant\/\">Read more<\/a><\/p><\/div>\n\n\n<div style=\"margin-top:0;margin-bottom:0;height:100px;width:0px\" aria-hidden=\"true\" class=\"wp-block-spacer\"><\/div>\n<\/div>\n\n<\/li><li class=\"wp-block-post post-129 post type-post status-publish format-standard has-post-thumbnail hentry category-uncategorized\">\n\n<div class=\"wp-block-group is-style-default blog-img-container has-global-padding is-layout-constrained wp-container-core-group-is-layout-2cd5cadf wp-block-group-is-layout-constrained\" style=\"padding-top:0;padding-right:0;padding-bottom:var(--wp--preset--spacing--xxs);padding-left:0\"><h5 style=\"line-height:1;\" class=\"wp-block-post-title has-24-font-size\"><a href=\"https:\/\/emporiant.com\/hr\/2025\/12\/17\/primjena-umjetne-inteligencije-u-marketingu-i-ad-tech-industriji\/\" target=\"_self\" >Primjena umjetne inteligencije u marketingu i Ad Tech industriji<\/a><\/h5>\n\n<div style=\"margin-top:0;margin-bottom:0;\" class=\"wp-block-post-date__modified-date wp-block-post-date has-open-sans-font-family\"><time datetime=\"2025-12-17T14:54:05+00:00\">17 prosinca, 2025<\/time><\/div>\n\n<div class=\"wp-block-post-excerpt\"><p class=\"wp-block-post-excerpt__excerpt\">Umjetna inteligencija u marketingu i Ad Techu Umjetna inteligencija (AI) postaje jedan od najva\u017enijih pokreta\u010da savremenog marketinga i Ad Tech industrije. Kori\u0161\u0107enjem naprednih algoritama&hellip;<\/p><p class=\"wp-block-post-excerpt__more-text\"><a class=\"wp-block-post-excerpt__more-link\" href=\"https:\/\/emporiant.com\/hr\/2025\/12\/17\/primjena-umjetne-inteligencije-u-marketingu-i-ad-tech-industriji\/\">Read more<\/a><\/p><\/div>\n\n\n<div style=\"margin-top:0;margin-bottom:0;height:100px;width:0px\" aria-hidden=\"true\" class=\"wp-block-spacer\"><\/div>\n<\/div>\n\n<\/li><\/ul><\/div>\n\n\n\n<div style=\"height:100px\" aria-hidden=\"true\" class=\"wp-block-spacer\"><\/div>\n<\/div>\n","protected":false},"excerpt":{"rendered":"<p>Dobijte najnovija a\u017euriranja, trendove i uvide iz svijeta glazbe, videa i dru\u0161tvenih mre\u017ea. Emporiant News vas dr\u017ei informiranim i inspiriranim\u2014tako da nikada ne propustite \u0161to je sljede\u0107e.<\/p>\n","protected":false},"author":1,"featured_media":0,"parent":0,"menu_order":0,"comment_status":"closed","ping_status":"closed","template":"","meta":{"jetpack_post_was_ever_published":false,"footnotes":""},"class_list":["post-393","page","type-page","status-publish","hentry"],"aioseo_notices":[],"jetpack_sharing_enabled":true,"_links":{"self":[{"href":"https:\/\/emporiant.com\/hr\/wp-json\/wp\/v2\/pages\/393","targetHints":{"allow":["GET"]}}],"collection":[{"href":"https:\/\/emporiant.com\/hr\/wp-json\/wp\/v2\/pages"}],"about":[{"href":"https:\/\/emporiant.com\/hr\/wp-json\/wp\/v2\/types\/page"}],"author":[{"embeddable":true,"href":"https:\/\/emporiant.com\/hr\/wp-json\/wp\/v2\/users\/1"}],"replies":[{"embeddable":true,"href":"https:\/\/emporiant.com\/hr\/wp-json\/wp\/v2\/comments?post=393"}],"version-history":[{"count":2,"href":"https:\/\/emporiant.com\/hr\/wp-json\/wp\/v2\/pages\/393\/revisions"}],"predecessor-version":[{"id":395,"href":"https:\/\/emporiant.com\/hr\/wp-json\/wp\/v2\/pages\/393\/revisions\/395"}],"wp:attachment":[{"href":"https:\/\/emporiant.com\/hr\/wp-json\/wp\/v2\/media?parent=393"}],"curies":[{"name":"wp","href":"https:\/\/api.w.org\/{rel}","templated":true}]}}